{"id":95,"date":"2019-05-10T23:36:41","date_gmt":"2019-05-10T21:36:41","guid":{"rendered":"http:\/\/clapat.ro\/themes\/hervin-wordpress\/?page_id=95"},"modified":"2023-06-26T18:38:15","modified_gmt":"2023-06-26T16:38:15","slug":"portfolio","status":"publish","type":"page","link":"https:\/\/francoisroure.ovh\/en\/portfolio\/","title":{"rendered":"PORTFOLIO"},"content":{"rendered":"\n<h2 class=\"wp-block-heading\">Fran\u00e7ois Roure ing\u00e9nieur du son cin\u00e9ma en Occitanie<\/h2>\n\n\n\n<p>Fran\u00e7ois Roure, ing\u00e9nieur du son cin\u00e9ma, monteur son dans le Gard, disponible pour toute prestation de mixage, montage son, tournage, bruitage !<\/p>\n","protected":false},"excerpt":{"rendered":"<p>Fran\u00e7ois Roure ing\u00e9nieur du son cin\u00e9ma en Occitanie Fran\u00e7ois Roure, ing\u00e9nieur du son cin\u00e9ma, monteur son dans le Gard, disponible pour toute prestation de mixage, montage son, tournage, bruitage !<\/p>\n","protected":false},"author":1,"featured_media":0,"parent":0,"menu_order":0,"comment_status":"closed","ping_status":"closed","template":"portfolio-page.php","meta":{"_monsterinsights_skip_tracking":false,"_monsterinsights_sitenote_active":false,"_monsterinsights_sitenote_note":"","_monsterinsights_sitenote_category":0,"footnotes":""},"class_list":["post-95","page","type-page","status-publish","hentry"],"yoast_head":"<!-- This site is optimized with the Yoast SEO plugin v27.3 - https:\/\/yoast.com\/product\/yoast-seo-wordpress\/ -->\n<title>PORTFOLIO &#8226; Fran\u00e7ois Roure<\/title>\n<meta name=\"description\" content=\"Fran\u00e7ois Roure, ing\u00e9nieur du son cin\u00e9ma en Occitanie ! Monteur son \/ sound designer, chef op son, mixage, bruitage, tournage et montage son !\" \/>\n<meta name=\"robots\" content=\"index, follow, max-snippet:-1, max-image-preview:large, max-video-preview:-1\" \/>\n<link rel=\"canonical\" href=\"https:\/\/francoisroure.ovh\/en\/portfolio\/\" \/>\n<meta name=\"twitter:card\" content=\"summary_large_image\" \/>\n<meta name=\"twitter:title\" content=\"PORTFOLIO &#8226; Fran\u00e7ois Roure\" \/>\n<meta name=\"twitter:description\" content=\"Fran\u00e7ois Roure, ing\u00e9nieur du son cin\u00e9ma en Occitanie ! Monteur son \/ sound designer, chef op son, mixage, bruitage, tournage et montage son !\" \/>\n<meta name=\"twitter:label1\" content=\"Est. reading time\" \/>\n\t<meta name=\"twitter:data1\" content=\"1 minute\" \/>\n<script type=\"application\/ld+json\" class=\"yoast-schema-graph\">{\"@context\":\"https:\\\/\\\/schema.org\",\"@graph\":[{\"@type\":\"WebPage\",\"@id\":\"https:\\\/\\\/francoisroure.ovh\\\/en\\\/portfolio\\\/\",\"url\":\"https:\\\/\\\/francoisroure.ovh\\\/en\\\/portfolio\\\/\",\"name\":\"PORTFOLIO &#8226; Fran\u00e7ois Roure\",\"isPartOf\":{\"@id\":\"https:\\\/\\\/francoisroure.ovh\\\/en\\\/#website\"},\"datePublished\":\"2019-05-10T21:36:41+00:00\",\"dateModified\":\"2023-06-26T16:38:15+00:00\",\"description\":\"Fran\u00e7ois Roure, ing\u00e9nieur du son cin\u00e9ma en Occitanie ! Monteur son \\\/ sound designer, chef op son, mixage, bruitage, tournage et montage son !\",\"breadcrumb\":{\"@id\":\"https:\\\/\\\/francoisroure.ovh\\\/en\\\/portfolio\\\/#breadcrumb\"},\"inLanguage\":\"en-US\",\"potentialAction\":[{\"@type\":\"ReadAction\",\"target\":[\"https:\\\/\\\/francoisroure.ovh\\\/en\\\/portfolio\\\/\"]}]},{\"@type\":\"BreadcrumbList\",\"@id\":\"https:\\\/\\\/francoisroure.ovh\\\/en\\\/portfolio\\\/#breadcrumb\",\"itemListElement\":[{\"@type\":\"ListItem\",\"position\":1,\"name\":\"Accueil\",\"item\":\"https:\\\/\\\/francoisroure.ovh\\\/en\\\/\"},{\"@type\":\"ListItem\",\"position\":2,\"name\":\"PORTFOLIO\"}]},{\"@type\":\"WebSite\",\"@id\":\"https:\\\/\\\/francoisroure.ovh\\\/en\\\/#website\",\"url\":\"https:\\\/\\\/francoisroure.ovh\\\/en\\\/\",\"name\":\"Fran\u00e7ois Roure\",\"description\":\"Sound editor \\\/ Sound for film\",\"publisher\":{\"@id\":\"https:\\\/\\\/francoisroure.ovh\\\/en\\\/#\\\/schema\\\/person\\\/e07ba11354c34fb1edaa9ed9af526fe6\"},\"potentialAction\":[{\"@type\":\"SearchAction\",\"target\":{\"@type\":\"EntryPoint\",\"urlTemplate\":\"https:\\\/\\\/francoisroure.ovh\\\/en\\\/?s={search_term_string}\"},\"query-input\":{\"@type\":\"PropertyValueSpecification\",\"valueRequired\":true,\"valueName\":\"search_term_string\"}}],\"inLanguage\":\"en-US\"},{\"@type\":[\"Person\",\"Organization\"],\"@id\":\"https:\\\/\\\/francoisroure.ovh\\\/en\\\/#\\\/schema\\\/person\\\/e07ba11354c34fb1edaa9ed9af526fe6\",\"name\":\"francois\",\"image\":{\"@type\":\"ImageObject\",\"inLanguage\":\"en-US\",\"@id\":\"https:\\\/\\\/francoisroure.ovh\\\/wp-content\\\/uploads\\\/2020\\\/11\\\/indexfescdsde.png\",\"url\":\"https:\\\/\\\/francoisroure.ovh\\\/wp-content\\\/uploads\\\/2020\\\/11\\\/indexfescdsde.png\",\"contentUrl\":\"https:\\\/\\\/francoisroure.ovh\\\/wp-content\\\/uploads\\\/2020\\\/11\\\/indexfescdsde.png\",\"width\":831,\"height\":655,\"caption\":\"francois\"},\"logo\":{\"@id\":\"https:\\\/\\\/francoisroure.ovh\\\/wp-content\\\/uploads\\\/2020\\\/11\\\/indexfescdsde.png\"},\"sameAs\":[\"https:\\\/\\\/www.instagram.com\\\/loiseau.sonore\\\/\",\"https:\\\/\\\/www.linkedin.com\\\/in\\\/franois-r-a5b409b6\\\/\"]}]}<\/script>\n<!-- \/ Yoast SEO plugin. -->","yoast_head_json":{"title":"PORTFOLIO &#8226; Fran\u00e7ois Roure","description":"Fran\u00e7ois Roure, ing\u00e9nieur du son cin\u00e9ma en Occitanie ! Monteur son \/ sound designer, chef op son, mixage, bruitage, tournage et montage son !","robots":{"index":"index","follow":"follow","max-snippet":"max-snippet:-1","max-image-preview":"max-image-preview:large","max-video-preview":"max-video-preview:-1"},"canonical":"https:\/\/francoisroure.ovh\/en\/portfolio\/","twitter_card":"summary_large_image","twitter_title":"PORTFOLIO &#8226; Fran\u00e7ois Roure","twitter_description":"Fran\u00e7ois Roure, ing\u00e9nieur du son cin\u00e9ma en Occitanie ! Monteur son \/ sound designer, chef op son, mixage, bruitage, tournage et montage son !","twitter_misc":{"Est. reading time":"1 minute"},"schema":{"@context":"https:\/\/schema.org","@graph":[{"@type":"WebPage","@id":"https:\/\/francoisroure.ovh\/en\/portfolio\/","url":"https:\/\/francoisroure.ovh\/en\/portfolio\/","name":"PORTFOLIO &#8226; Fran\u00e7ois Roure","isPartOf":{"@id":"https:\/\/francoisroure.ovh\/en\/#website"},"datePublished":"2019-05-10T21:36:41+00:00","dateModified":"2023-06-26T16:38:15+00:00","description":"Fran\u00e7ois Roure, ing\u00e9nieur du son cin\u00e9ma en Occitanie ! Monteur son \/ sound designer, chef op son, mixage, bruitage, tournage et montage son !","breadcrumb":{"@id":"https:\/\/francoisroure.ovh\/en\/portfolio\/#breadcrumb"},"inLanguage":"en-US","potentialAction":[{"@type":"ReadAction","target":["https:\/\/francoisroure.ovh\/en\/portfolio\/"]}]},{"@type":"BreadcrumbList","@id":"https:\/\/francoisroure.ovh\/en\/portfolio\/#breadcrumb","itemListElement":[{"@type":"ListItem","position":1,"name":"Accueil","item":"https:\/\/francoisroure.ovh\/en\/"},{"@type":"ListItem","position":2,"name":"PORTFOLIO"}]},{"@type":"WebSite","@id":"https:\/\/francoisroure.ovh\/en\/#website","url":"https:\/\/francoisroure.ovh\/en\/","name":"Fran\u00e7ois Roure","description":"Sound editor \/ Sound for film","publisher":{"@id":"https:\/\/francoisroure.ovh\/en\/#\/schema\/person\/e07ba11354c34fb1edaa9ed9af526fe6"},"potentialAction":[{"@type":"SearchAction","target":{"@type":"EntryPoint","urlTemplate":"https:\/\/francoisroure.ovh\/en\/?s={search_term_string}"},"query-input":{"@type":"PropertyValueSpecification","valueRequired":true,"valueName":"search_term_string"}}],"inLanguage":"en-US"},{"@type":["Person","Organization"],"@id":"https:\/\/francoisroure.ovh\/en\/#\/schema\/person\/e07ba11354c34fb1edaa9ed9af526fe6","name":"francois","image":{"@type":"ImageObject","inLanguage":"en-US","@id":"https:\/\/francoisroure.ovh\/wp-content\/uploads\/2020\/11\/indexfescdsde.png","url":"https:\/\/francoisroure.ovh\/wp-content\/uploads\/2020\/11\/indexfescdsde.png","contentUrl":"https:\/\/francoisroure.ovh\/wp-content\/uploads\/2020\/11\/indexfescdsde.png","width":831,"height":655,"caption":"francois"},"logo":{"@id":"https:\/\/francoisroure.ovh\/wp-content\/uploads\/2020\/11\/indexfescdsde.png"},"sameAs":["https:\/\/www.instagram.com\/loiseau.sonore\/","https:\/\/www.linkedin.com\/in\/franois-r-a5b409b6\/"]}]}},"_links":{"self":[{"href":"https:\/\/francoisroure.ovh\/en\/wp-json\/wp\/v2\/pages\/95","targetHints":{"allow":["GET"]}}],"collection":[{"href":"https:\/\/francoisroure.ovh\/en\/wp-json\/wp\/v2\/pages"}],"about":[{"href":"https:\/\/francoisroure.ovh\/en\/wp-json\/wp\/v2\/types\/page"}],"author":[{"embeddable":true,"href":"https:\/\/francoisroure.ovh\/en\/wp-json\/wp\/v2\/users\/1"}],"replies":[{"embeddable":true,"href":"https:\/\/francoisroure.ovh\/en\/wp-json\/wp\/v2\/comments?post=95"}],"version-history":[{"count":10,"href":"https:\/\/francoisroure.ovh\/en\/wp-json\/wp\/v2\/pages\/95\/revisions"}],"predecessor-version":[{"id":2166,"href":"https:\/\/francoisroure.ovh\/en\/wp-json\/wp\/v2\/pages\/95\/revisions\/2166"}],"wp:attachment":[{"href":"https:\/\/francoisroure.ovh\/en\/wp-json\/wp\/v2\/media?parent=95"}],"curies":[{"name":"wp","href":"https:\/\/api.w.org\/{rel}","templated":true}]}}